{"id":33312,"date":"2026-04-19T10:26:51","date_gmt":"2026-04-19T10:26:51","guid":{"rendered":"https:\/\/www.loft-shop.pl\/?post_type=product&#038;p=33312"},"modified":"2026-04-19T16:13:48","modified_gmt":"2026-04-19T16:13:48","slug":"stol-loftowy-nyfd-industrialny-drewno-stal","status":"publish","type":"product","link":"https:\/\/www.loft-shop.pl\/pl\/produkt\/stol-loftowy-nyfd-industrialny-drewno-stal\/","title":{"rendered":"St\u00f3\u0142 loftowy NYFD \u2013 industrialny st\u00f3\u0142 z drewna i stali | Handmade"},"content":{"rendered":"<h3 data-start=\"0\" data-end=\"68\"><strong data-start=\"0\" data-end=\"68\">St\u00f3\u0142 loftowy NYFD \u2013 industrialna si\u0142a charakteru w Twoim wn\u0119trzu<\/strong><\/h3>\n<p data-start=\"70\" data-end=\"307\">Poznaj wyj\u0105tkowy <strong data-start=\"87\" data-end=\"108\">st\u00f3\u0142 loftowy NYFD<\/strong>, kt\u00f3ry na nowo definiuje poj\u0119cie stylu industrialnego. To nie jest zwyk\u0142y mebel \u2013 to <strong data-start=\"188\" data-end=\"216\">designerski st\u00f3\u0142 loftowy<\/strong> stworzony z my\u015bl\u0105 o osobach ceni\u0105cych autentyczno\u015b\u0107, surowo\u015b\u0107 i bezkompromisowy charakter.<\/p>\n<h3 data-section-id=\"7uzjyh\" data-start=\"309\" data-end=\"351\">Surowa stal i solidna konstrukcja<\/h3>\n<p data-start=\"352\" data-end=\"690\">The table base was made of <strong data-start=\"386\" data-end=\"403\">surowej stali<\/strong>, co podkre\u015bla jego <strong data-start=\"423\" data-end=\"452\">styl industrialny loftowy<\/strong>. Masywna konstrukcja gwarantuje trwa\u0142o\u015b\u0107 na lata, a widoczne spawy, \u015bruby i mechaniczne elementy dodaj\u0105 mu industrialnego charakteru, podkre\u015blaj\u0105c jego surowo\u015b\u0107 i niepowtarzalny styl. <strong data-start=\"560\" data-end=\"600\">autentycznego, warsztatowego klimatu<\/strong>. Jest to idealny wyb\u00f3r do wn\u0119trz typu <strong data-start=\"634\" data-end=\"689\">loft, industrialny, vintage czy nowoczesny minimalizm<\/strong>.<\/p>\n<h3 data-section-id=\"187zqgp\" data-start=\"692\" data-end=\"734\">Lite drewno \u2013 naturalna elegancja<\/h3>\n<p data-start=\"735\" data-end=\"1030\">Blat sto\u0142u jest wykonany z <strong data-start=\"757\" data-end=\"785\">litego, masywnego drewna<\/strong>, kt\u00f3re zachwyca naturalnym rysunkiem s\u0142oj\u00f3w. Ka\u017cdy egzemplarz jest unikatowy, dzi\u0119ki czemu Tw\u00f3j <strong data-start=\"882\" data-end=\"908\">st\u00f3\u0142 drewniany loftowy<\/strong> b\u0119dzie jedyny w swoim rodzaju. Solidny blat zapewnia komfort u\u017cytkowania zar\u00f3wno w domu, jak i w przestrzeni komercyjnej.<\/p>\n<h3 data-section-id=\"bpila3\" data-start=\"1032\" data-end=\"1074\">Unikalne detale \u2013 charakterystyczne dla NYFD<\/h3>\n<p data-start=\"1075\" data-end=\"1359\">To, co wyr\u00f3\u017cnia st\u00f3\u0142 NYFD, to jego <strong data-start=\"1110\" data-end=\"1138\">ordynarne, surowe detale<\/strong> \u2013 stalowe zdobienia oraz oryginalne elementy dekoracyjne w postaci <strong data-start=\"1206\" data-end=\"1226\">\u0142usek Magnum .44<\/strong>, kt\u00f3re nadaj\u0105 mu niepowtarzalnego, odwa\u017cnego charakteru. To mebel dla os\u00f3b, kt\u00f3re szukaj\u0105 czego\u015b wi\u0119cej ni\u017c standardowych rozwi\u0105za\u0144.<\/p>\n<h3 data-section-id=\"19lmktt\" data-start=\"1361\" data-end=\"1398\">Idealny do wielu przestrzeni<\/h3>\n<p data-start=\"1399\" data-end=\"1432\">St\u00f3\u0142 doskonale sprawdzi si\u0119 jako:<\/p>\n<ul data-start=\"1433\" data-end=\"1590\">\n<li data-section-id=\"18zgs80\" data-start=\"1433\" data-end=\"1462\"><strong data-start=\"1435\" data-end=\"1462\">st\u00f3\u0142 do jadalni loftowy<\/strong><\/li>\n<li data-section-id=\"6sv1cf\" data-start=\"1463\" data-end=\"1496\"><strong data-start=\"1465\" data-end=\"1496\">st\u00f3\u0142 industrialny do salonu<\/strong><\/li>\n<li data-section-id=\"r2j43g\" data-start=\"1497\" data-end=\"1529\"><strong data-start=\"1499\" data-end=\"1529\">st\u00f3\u0142 do biura lub pracowni<\/strong><\/li>\n<li data-section-id=\"1oc56ic\" data-start=\"1530\" data-end=\"1590\"><strong data-start=\"1532\" data-end=\"1590\">st\u00f3\u0142 do restauracji lub kawiarni w stylu industrialnym<\/strong><\/li>\n<\/ul>\n<h3 data-section-id=\"ssk691\" data-start=\"1592\" data-end=\"1627\">Najwa\u017cniejsze cechy produktu:<\/h3>\n<ul data-start=\"1628\" data-end=\"1860\">\n<li data-section-id=\"1akppbj\" data-start=\"1628\" data-end=\"1662\"><span style=\"text-decoration: underline;\"><strong>Rozmiar blatu:<\/strong> 120\/80 cm<\/span><\/li>\n<li data-section-id=\"1akppbj\" data-start=\"1628\" data-end=\"1662\">styl: <strong data-start=\"1636\" data-end=\"1662\">loftowy \/ industrialny<\/strong><\/li>\n<li data-section-id=\"vcs4iw\" data-start=\"1663\" data-end=\"1696\">materia\u0142 blatu: <strong data-start=\"1681\" data-end=\"1696\">lite drewno<\/strong><\/li>\n<li data-section-id=\"xaim0u\" data-start=\"1697\" data-end=\"1724\">podstawa <strong data-start=\"1709\" data-end=\"1724\">surowa stal<\/strong><\/li>\n<li data-section-id=\"ug1ljy\" data-start=\"1725\" data-end=\"1783\">unikalne detale <strong data-start=\"1744\" data-end=\"1783\">elementy stalowe + \u0142uski Magnum .44<\/strong><\/li>\n<li data-section-id=\"nioqt6\" data-start=\"1784\" data-end=\"1830\">r\u0119czne wykonanie <strong data-start=\"1805\" data-end=\"1830\">produkt rzemie\u015blniczy<\/strong><\/li>\n<li data-section-id=\"1yu9kbw\" data-start=\"1831\" data-end=\"1860\">solidna, trwa\u0142a konstrukcja<\/li>\n<\/ul>","protected":false},"excerpt":{"rendered":"<p><strong data-start=\"1867\" data-end=\"1888\">St\u00f3\u0142 NYFD loftowy<\/strong> do po\u0142\u0105czenia <strong data-start=\"1903\" data-end=\"1950\">designu, funkcjonalno\u015bci i surowej estetyki<\/strong>, kt\u00f3re przyci\u0105ga uwag\u0119 i buduje charakter wn\u0119trza. Je\u015bli szukasz <strong data-start=\"2016\" data-end=\"2053\">oryginalnego sto\u0142u industrialnego<\/strong>, kt\u00f3ry stanie si\u0119 centralnym punktem aran\u017cacji \u2013 w\u0142a\u015bnie go znalaz\u0142e\u015b. Industrialny st\u00f3\u0142 loftowy NYFD z litego drewna i surowej stali. R\u0119czne wykonanie, unikalne detale i niepowtarzalny charakter do nowoczesnych wn\u0119trz.<\/p>","protected":false},"featured_media":33313,"comment_status":"open","ping_status":"closed","template":"","meta":[],"product_brand":[200],"product_cat":[86,81,88,73],"product_tag":[246,160,318,149,148,168],"class_list":{"0":"post-33312","1":"product","2":"type-product","3":"status-publish","4":"has-post-thumbnail","6":"product_brand-loft-shop-manufacture","7":"product_cat-meble","8":"product_cat-stoly-hokerowe","9":"product_cat-stoly-do-jadalni","10":"product_cat-stoly","11":"product_tag-design-industrialny","12":"product_tag-meble-loftowe","13":"product_tag-meble-premium","14":"product_tag-stol-industrialny","15":"product_tag-stol-loftowy","16":"product_tag-stol-stalowy","17":"product_shipping_class-heavy-packages","19":"first","20":"instock","21":"taxable","22":"shipping-taxable","23":"purchasable","24":"product-type-simple"},"jetpack_sharing_enabled":true,"_links":{"self":[{"href":"https:\/\/www.loft-shop.pl\/pl\/wp-json\/wp\/v2\/product\/33312","targetHints":{"allow":["GET"]}}],"collection":[{"href":"https:\/\/www.loft-shop.pl\/pl\/wp-json\/wp\/v2\/product"}],"about":[{"href":"https:\/\/www.loft-shop.pl\/pl\/wp-json\/wp\/v2\/types\/product"}],"replies":[{"embeddable":true,"href":"https:\/\/www.loft-shop.pl\/pl\/wp-json\/wp\/v2\/comments?post=33312"}],"version-history":[{"count":3,"href":"https:\/\/www.loft-shop.pl\/pl\/wp-json\/wp\/v2\/product\/33312\/revisions"}],"predecessor-version":[{"id":33326,"href":"https:\/\/www.loft-shop.pl\/pl\/wp-json\/wp\/v2\/product\/33312\/revisions\/33326"}],"wp:featuredmedia":[{"embeddable":true,"href":"https:\/\/www.loft-shop.pl\/pl\/wp-json\/wp\/v2\/media\/33313"}],"wp:attachment":[{"href":"https:\/\/www.loft-shop.pl\/pl\/wp-json\/wp\/v2\/media?parent=33312"}],"wp:term":[{"taxonomy":"product_brand","embeddable":true,"href":"https:\/\/www.loft-shop.pl\/pl\/wp-json\/wp\/v2\/product_brand?post=33312"},{"taxonomy":"product_cat","embeddable":true,"href":"https:\/\/www.loft-shop.pl\/pl\/wp-json\/wp\/v2\/product_cat?post=33312"},{"taxonomy":"product_tag","embeddable":true,"href":"https:\/\/www.loft-shop.pl\/pl\/wp-json\/wp\/v2\/product_tag?post=33312"}],"curies":[{"name":"wp","href":"https:\/\/api.w.org\/{rel}","templated":true}]}}