{"id":32547,"date":"2026-04-04T12:40:25","date_gmt":"2026-04-04T12:40:25","guid":{"rendered":"https:\/\/www.loft-shop.pl\/?post_type=product&#038;p=32547"},"modified":"2026-04-04T12:45:57","modified_gmt":"2026-04-04T12:45:57","slug":"szafka-rtv-loftowa-hogwart","status":"publish","type":"product","link":"https:\/\/www.loft-shop.pl\/pl\/produkt\/szafka-rtv-loftowa-hogwart\/","title":{"rendered":"Szafka RTV loftowa HOGWART \u2013 stal i drewno | Industrialna szafka TV"},"content":{"rendered":"<h3 data-start=\"0\" data-end=\"78\" data-rm-block-id=\"block-1\"><strong data-start=\"0\" data-end=\"78\">Szafka RTV loftowa HOGWART \u2013 stal i naturalne drewno w industrialnym stylu<\/strong><\/h3>\n<p data-start=\"80\" data-end=\"560\" data-rm-block-id=\"block-2\">Nadaj swojemu wn\u0119trzu wyj\u0105tkowego charakteru dzi\u0119ki loftowej szafce RTV HOGWART \u2013 po\u0142\u0105czeniu surowej, wytrzyma\u0142ej stali i ciep\u0142a naturalnego drewna. Ten unikalny mebel zosta\u0142 zaprojektowany z my\u015bl\u0105 o mi\u0142o\u015bnikach stylu industrialnego, kt\u00f3rzy poszukuj\u0105 nie tylko funkcjonalnych rozwi\u0105za\u0144, ale r\u00f3wnie\u017c wyrazistego designu. Szafka RTV loftowa HOGWART to doskona\u0142y wyb\u00f3r dla os\u00f3b ceni\u0105cych solidno\u015b\u0107 wykonania, ponadczasow\u0105 estetyk\u0119 oraz dopracowane w najmniejszych szczeg\u00f3\u0142ach detale.<\/p>\n<p data-start=\"562\" data-end=\"791\" data-rm-block-id=\"block-3\">To produkt, kt\u00f3ry wyr\u00f3\u017cnia si\u0119 na tle masowej produkcji \u2013 ka\u017cdy egzemplarz jest tworzony r\u0119cznie, co sprawia, \u017ce nie ma dw\u00f3ch identycznych modeli. Dzi\u0119ki temu masz pewno\u015b\u0107, \u017ce wybierasz co\u015b naprawd\u0119 wyj\u0105tkowego do swojego salonu.<\/p>\n<h3 data-start=\"80\" data-end=\"378\" data-rm-block-id=\"block-4\">Wymiary:<\/h3>\n<ul>\n<li data-rm-block-id=\"block-5\"><strong>Wysoko\u015b\u0107:<\/strong> 64 cm<\/li>\n<li data-rm-block-id=\"block-6\"><strong>Szeroko\u015b\u0107:<\/strong> 150cm<\/li>\n<li data-rm-block-id=\"block-7\"><strong>G\u0142\u0119boko\u015b\u0107:<\/strong> 45 cm<\/li>\n<\/ul>\n<p style=\"text-align: center;\" data-start=\"80\" data-end=\"378\" data-rm-block-id=\"block-8\"><strong data-start=\"2509\" data-end=\"2568\" data-is-last-node=\"\">Wykonano z dum\u0105 w pe\u0142ni r\u0119cznie w Loft Shop Manufacture!<\/strong><\/p>\n<h3 data-section-id=\"18gnof8\" data-start=\"798\" data-end=\"833\" data-rm-block-id=\"block-10\"><\/h3>\n<p data-start=\"835\" data-end=\"1276\" data-rm-block-id=\"block-11\"><strong data-start=\"835\" data-end=\"860\">Solidna konstrukcja<\/strong><br data-start=\"860\" data-end=\"863\" \/>Szafka RTV loftowa zosta\u0142a wykonana z wytrzyma\u0142ej stalowej ramy, kt\u00f3ra gwarantuje stabilno\u015b\u0107 oraz odporno\u015b\u0107 na uszkodzenia. To mebel stworzony na lata \u2013 doskonale znosi codzienne u\u017cytkowanie, ci\u0119\u017car sprz\u0119tu RTV oraz up\u0142yw czasu. Industrialna konstrukcja sprawia, \u017ce szafka \u015bwietnie wpisuje si\u0119 w nowoczesne, loftowe przestrzenie, ale r\u00f3wnie dobrze odnajdzie si\u0119 w klasycznych aran\u017cacjach jako kontrastowy element.<\/p>\n<p data-start=\"1278\" data-end=\"1638\" data-rm-block-id=\"block-12\"><strong data-start=\"1278\" data-end=\"1300\">\u2714 Naturalne drewno<\/strong><br data-start=\"1300\" data-end=\"1303\" \/>Blat oraz fronty szafki wykonane s\u0105 z wysokiej jako\u015bci naturalnego drewna. Materia\u0142 ten nie tylko nadaje ca\u0142o\u015bci ciep\u0142a i przytulno\u015bci, ale r\u00f3wnie\u017c sprawia, \u017ce ka\u017cda szafka RTV jest jedyna w swoim rodzaju. Widoczne us\u0142ojenie, naturalne przebarwienia i struktura drewna podkre\u015blaj\u0105 autentyczno\u015b\u0107 produktu i jego rzemie\u015blniczy charakter.<\/p>\n<p data-start=\"1640\" data-end=\"1748\" data-rm-block-id=\"block-13\"><strong data-start=\"1640\" data-end=\"1662\">\u2714 Unikalne detale<\/strong><br data-start=\"1662\" data-end=\"1665\" \/>Szafka RTV HOGWART zachwyca dba\u0142o\u015bci\u0105 o detale, kt\u00f3re nadaj\u0105 jej wyj\u0105tkowego stylu:<\/p>\n<ul data-start=\"1749\" data-end=\"2030\">\n<li data-section-id=\"13fixdh\" data-start=\"1749\" data-end=\"1875\" data-rm-block-id=\"block-14\">stalowe drzwi z precyzyjnie wypalanym wzorem koniczyny, kt\u00f3re przyci\u0105gaj\u0105 wzrok i nadaj\u0105 meblowi industrialnego charakteru<\/li>\n<li data-section-id=\"19cltt1\" data-start=\"1876\" data-end=\"1956\" data-rm-block-id=\"block-15\">r\u0119cznie wykonane, stylizowane n\u00f3\u017cki, kt\u00f3re dodaj\u0105 lekko\u015bci ca\u0142ej konstrukcji<\/li>\n<li data-section-id=\"a3qkt1\" data-start=\"1957\" data-end=\"2030\" data-rm-block-id=\"block-16\">metalowe uchwyty i elementy wyko\u0144czeniowe inspirowane stylem loftowym<\/li>\n<\/ul>\n<p data-start=\"2032\" data-end=\"2155\" data-rm-block-id=\"block-17\">To w\u0142a\u015bnie te detale sprawiaj\u0105, \u017ce szafka staje si\u0119 nie tylko funkcjonalnym meblem, ale r\u00f3wnie\u017c designersk\u0105 ozdob\u0105 wn\u0119trza.<\/p>\n<p data-start=\"2157\" data-end=\"2328\" data-rm-block-id=\"block-18\"><strong data-start=\"2157\" data-end=\"2190\">\u2714 Funkcjonalno\u015b\u0107 i przestrze\u0144<\/strong><br data-start=\"2190\" data-end=\"2193\" \/>Szafka RTV zosta\u0142a zaprojektowana z my\u015bl\u0105 o wygodzie u\u017cytkowania. Oferuje praktyczn\u0105 i dobrze przemy\u015blan\u0105 przestrze\u0144 do przechowywania:<\/p>\n<ul data-start=\"2329\" data-end=\"2498\">\n<li data-section-id=\"19cgmwu\" data-start=\"2329\" data-end=\"2395\" data-rm-block-id=\"block-19\">szafki zamykane idealne na sprz\u0119t RTV, dokumenty lub akcesoria<\/li>\n<li data-section-id=\"1m2udir\" data-start=\"2396\" data-end=\"2456\" data-rm-block-id=\"block-20\">otwart\u0105 p\u00f3\u0142k\u0119 na dekoder, konsol\u0119 do gier lub odtwarzacz<\/li>\n<li data-section-id=\"13jxsr8\" data-start=\"2457\" data-end=\"2498\" data-rm-block-id=\"block-21\">pojemna szuflada na drobne przedmioty<\/li>\n<\/ul>\n<p data-start=\"2500\" data-end=\"2609\" data-rm-block-id=\"block-22\">Dzi\u0119ki temu bez problemu utrzymasz porz\u0105dek w salonie, a wszystkie niezb\u0119dne urz\u0105dzenia b\u0119d\u0105 zawsze pod r\u0119k\u0105.<\/p>\n<hr data-start=\"2611\" data-end=\"2614\" data-rm-block-id=\"block-23\" \/>\n<h3 data-section-id=\"1wsmf92\" data-start=\"2616\" data-end=\"2635\" data-rm-block-id=\"block-24\">\ud83d\udd36 Zastosowanie<\/h3>\n<p data-start=\"2637\" data-end=\"2714\" data-rm-block-id=\"block-25\">Szafka RTV loftowa HOGWART doskonale sprawdzi si\u0119 w wielu aran\u017cacjach wn\u0119trz:<\/p>\n<ul data-start=\"2715\" data-end=\"2877\">\n<li data-section-id=\"mqcck\" data-start=\"2715\" data-end=\"2760\" data-rm-block-id=\"block-26\">w salonach w stylu loftowym i industrialnym<\/li>\n<li data-section-id=\"l5irrh\" data-start=\"2761\" data-end=\"2791\" data-rm-block-id=\"block-27\">nowoczesnych apartamentach<\/li>\n<li data-section-id=\"1qftn62\" data-start=\"2792\" data-end=\"2826\" data-rm-block-id=\"block-28\">przestrzeniach typu open space<\/li>\n<li data-section-id=\"1u60bjj\" data-start=\"2827\" data-end=\"2877\" data-rm-block-id=\"block-29\">wn\u0119trzach inspirowanych stylem vintage i retro<\/li>\n<\/ul>\n<p data-start=\"2879\" data-end=\"3074\" data-rm-block-id=\"block-30\">To nie tylko szafka pod telewizor \u2013 to element aran\u017cacji, kt\u00f3ry nadaje wn\u0119trzu charakteru i podkre\u015bla jego indywidualny styl. Idealnie komponuje si\u0119 z innymi meblami wykonanymi z metalu i drewna.<\/p>\n<hr data-start=\"3076\" data-end=\"3079\" data-rm-block-id=\"block-31\" \/>\n<h3 data-section-id=\"1pcq5sa\" data-start=\"3081\" data-end=\"3109\" data-rm-block-id=\"block-32\">\ud83d\udd36 Specyfikacja produktu<\/h3>\n<ul data-start=\"3111\" data-end=\"3348\">\n<li data-section-id=\"1966btb\" data-start=\"3111\" data-end=\"3147\" data-rm-block-id=\"block-33\"><strong data-start=\"3113\" data-end=\"3122\">Styl:<\/strong> loftowy \/ industrialny<\/li>\n<li data-section-id=\"n05ljd\" data-start=\"3148\" data-end=\"3189\" data-rm-block-id=\"block-34\"><strong data-start=\"3150\" data-end=\"3163\">Materia\u0142:<\/strong> stal + naturalne drewno<\/li>\n<li data-section-id=\"1ad8amp\" data-start=\"3190\" data-end=\"3241\" data-rm-block-id=\"block-35\"><strong data-start=\"3192\" data-end=\"3208\">Kolorystyka:<\/strong> czarna stal + naturalne drewno<\/li>\n<li data-section-id=\"1ubonz5\" data-start=\"3242\" data-end=\"3291\" data-rm-block-id=\"block-36\"><strong data-start=\"3244\" data-end=\"3260\">Wyko\u0144czenie:<\/strong> r\u0119cznie, z dba\u0142o\u015bci\u0105 o detale<\/li>\n<li data-section-id=\"1l1itnl\" data-start=\"3292\" data-end=\"3348\" data-rm-block-id=\"block-37\"><strong data-start=\"3294\" data-end=\"3312\">Przeznaczenie:<\/strong> szafka RTV \/ szafka pod telewizor<\/li>\n<\/ul>\n<hr data-start=\"3350\" data-end=\"3353\" data-rm-block-id=\"block-38\" \/>\n<h3 data-section-id=\"91rlx4\" data-start=\"3355\" data-end=\"3411\" data-rm-block-id=\"block-39\">Dlaczego warto wybra\u0107 szafk\u0119 RTV loftow\u0105 HOGWART?<\/h3>\n<p data-start=\"3413\" data-end=\"3616\" data-rm-block-id=\"block-40\">Wybieraj\u0105c szafk\u0119 RTV loftow\u0105 HOGWART, inwestujesz w produkt premium, kt\u00f3ry \u0142\u0105czy w sobie estetyk\u0119 i funkcjonalno\u015b\u0107. To mebel dla os\u00f3b, kt\u00f3re nie chc\u0105 kompromis\u00f3w i oczekuj\u0105 najwy\u017cszej jako\u015bci wykonania.<\/p>\n<ul data-start=\"3618\" data-end=\"3901\">\n<li data-section-id=\"gm7ebk\" data-start=\"3618\" data-end=\"3671\" data-rm-block-id=\"block-41\">r\u0119czne wykonanie \u2013 ka\u017cdy egzemplarz jest unikalny<\/li>\n<li data-section-id=\"1l5rj8u\" data-start=\"3672\" data-end=\"3726\" data-rm-block-id=\"block-42\">trwa\u0142a, stalowa konstrukcja odporna na uszkodzenia<\/li>\n<li data-section-id=\"tp7edm\" data-start=\"3727\" data-end=\"3775\" data-rm-block-id=\"block-43\">naturalne drewno o niepowtarzalnym wygl\u0105dzie<\/li>\n<li data-section-id=\"1yke29k\" data-start=\"3776\" data-end=\"3813\" data-rm-block-id=\"block-44\">ponadczasowy, industrialny design<\/li>\n<li data-section-id=\"vmj43q\" data-start=\"3814\" data-end=\"3852\" data-rm-block-id=\"block-45\">idealne po\u0142\u0105czenie metalu i drewna<\/li>\n<li data-section-id=\"9x7jo3\" data-start=\"3853\" data-end=\"3901\" data-rm-block-id=\"block-46\">doskona\u0142e dopasowanie do nowoczesnych wn\u0119trz<\/li>\n<\/ul>\n<p data-start=\"3903\" data-end=\"4003\" data-rm-block-id=\"block-47\">Szafka RTV industrialna HOGWART to inwestycja na lata \u2013 zar\u00f3wno pod wzgl\u0119dem trwa\u0142o\u015bci, jak i stylu.<\/p>","protected":false},"excerpt":{"rendered":"<p>Szafka RTV w stylu loft HOGWART wykonana ze stali i naturalnego drewna. R\u0119czna produkcja, industrialny design i wyj\u0105tkowe detale. Idealna do nowoczesnych wn\u0119trz.<\/p>","protected":false},"featured_media":32548,"comment_status":"open","ping_status":"closed","template":"","meta":[],"product_brand":[200],"product_cat":[86,77],"product_tag":[305,304,306,286,307,249,310,311,309,308],"class_list":{"0":"post-32547","1":"product","2":"type-product","3":"status-publish","4":"has-post-thumbnail","6":"product_brand-loft-shop-manufacture","7":"product_cat-meble","8":"product_cat-szafy","9":"product_tag-industrialna-szafka-pod-telewizor-z-polka","10":"product_tag-loftowa-szafka-rtv-z-metalu-i-drewna","11":"product_tag-recznie-robiona-szafka-rtv-loft","12":"product_tag-szafka-pod-telewizor","13":"product_tag-szafka-rtv-do-wnetrz-industrialnych","14":"product_tag-szafka-rtv-industrialna","15":"product_tag-szafka-rtv-loftowa","16":"product_tag-szafka-rtv-metal-drewno","17":"product_tag-szafka-rtv-z-dekoracyjnym-frontem","18":"product_tag-szafka-rtv-z-metalowymi-drzwiami","19":"product_shipping_class-heavy-packages","21":"first","22":"instock","23":"taxable","24":"shipping-taxable","25":"purchasable","26":"product-type-simple"},"jetpack_sharing_enabled":true,"_links":{"self":[{"href":"https:\/\/www.loft-shop.pl\/pl\/wp-json\/wp\/v2\/product\/32547","targetHints":{"allow":["GET"]}}],"collection":[{"href":"https:\/\/www.loft-shop.pl\/pl\/wp-json\/wp\/v2\/product"}],"about":[{"href":"https:\/\/www.loft-shop.pl\/pl\/wp-json\/wp\/v2\/types\/product"}],"replies":[{"embeddable":true,"href":"https:\/\/www.loft-shop.pl\/pl\/wp-json\/wp\/v2\/comments?post=32547"}],"version-history":[{"count":3,"href":"https:\/\/www.loft-shop.pl\/pl\/wp-json\/wp\/v2\/product\/32547\/revisions"}],"predecessor-version":[{"id":32553,"href":"https:\/\/www.loft-shop.pl\/pl\/wp-json\/wp\/v2\/product\/32547\/revisions\/32553"}],"wp:featuredmedia":[{"embeddable":true,"href":"https:\/\/www.loft-shop.pl\/pl\/wp-json\/wp\/v2\/media\/32548"}],"wp:attachment":[{"href":"https:\/\/www.loft-shop.pl\/pl\/wp-json\/wp\/v2\/media?parent=32547"}],"wp:term":[{"taxonomy":"product_brand","embeddable":true,"href":"https:\/\/www.loft-shop.pl\/pl\/wp-json\/wp\/v2\/product_brand?post=32547"},{"taxonomy":"product_cat","embeddable":true,"href":"https:\/\/www.loft-shop.pl\/pl\/wp-json\/wp\/v2\/product_cat?post=32547"},{"taxonomy":"product_tag","embeddable":true,"href":"https:\/\/www.loft-shop.pl\/pl\/wp-json\/wp\/v2\/product_tag?post=32547"}],"curies":[{"name":"wp","href":"https:\/\/api.w.org\/{rel}","templated":true}]}}